{"id":293,"date":"2025-09-22T10:33:03","date_gmt":"2025-09-22T10:33:03","guid":{"rendered":"https:\/\/pinocchiorullgardiner.se\/handyman\/?page_id=293"},"modified":"2025-10-07T05:39:11","modified_gmt":"2025-10-07T05:39:11","slug":"hustillverkare","status":"publish","type":"page","link":"https:\/\/pinocchiorullgardiner.se\/handyman\/hustillverkare\/","title":{"rendered":"HUSTILLVERKARE"},"content":{"rendered":"<p>[et_pb_section fb_built=&#8221;1&#8243; admin_label=&#8221;Hero&#8221; _builder_version=&#8221;4.27.4&#8243; use_background_color_gradient=&#8221;on&#8221; background_color_gradient_type=&#8221;circular&#8221; background_color_gradient_direction_radial=&#8221;top left&#8221; background_color_gradient_stops=&#8221;rgba(40,40,40,0.76) 0%|rgba(40,40,40,0.68) 100%&#8221; background_color_gradient_overlays_image=&#8221;on&#8221; background_color_gradient_start=&#8221;rgba(40,40,40,0.79)&#8221; background_color_gradient_end=&#8221;rgba(40,40,40,0.86)&#8221; background_image=&#8221;https:\/\/pinocchiorullgardiner.se\/handyman\/wp-content\/uploads\/2025\/10\/husinatt-scaled-1.jpg&#8221; custom_margin=&#8221;-92px||||false|false&#8221; custom_margin_tablet=&#8221;-4px||||false|false&#8221; custom_margin_phone=&#8221;-3px||||false|false&#8221; custom_margin_last_edited=&#8221;on|phone&#8221; custom_padding=&#8221;9vw||9vw||true|false&#8221; hover_enabled=&#8221;0&#8243; global_colors_info=&#8221;{}&#8221; theme_builder_area=&#8221;post_content&#8221; sticky_enabled=&#8221;0&#8243;][et_pb_row column_structure=&#8221;2_3,1_3&#8243; _builder_version=&#8221;4.16&#8243; global_colors_info=&#8221;{}&#8221; theme_builder_area=&#8221;post_content&#8221;][et_pb_column type=&#8221;2_3&#8243; _builder_version=&#8221;4.16&#8243; custom_padding=&#8221;|||&#8221; global_colors_info=&#8221;{}&#8221; custom_padding__hover=&#8221;|||&#8221; theme_builder_area=&#8221;post_content&#8221;][et_pb_text _builder_version=&#8221;4.27.4&#8243; text_font=&#8221;||||||||&#8221; header_font=&#8221;Rubik|700|||||||&#8221; header_font_size=&#8221;64px&#8221; header_line_height=&#8221;1.1em&#8221; background_layout=&#8221;dark&#8221; max_width=&#8221;800px&#8221; custom_margin=&#8221;||0px|&#8221; custom_margin_tablet=&#8221;||0px|&#8221; custom_margin_phone=&#8221;||0px|&#8221; custom_margin_last_edited=&#8221;on|phone&#8221; custom_padding=&#8221;|0px||12px|false|false&#8221; hover_enabled=&#8221;0&#8243; text_font_size_tablet=&#8221;14px&#8221; text_font_size_last_edited=&#8221;off|desktop&#8221; header_font_size_tablet=&#8221;44px&#8221; header_font_size_phone=&#8221;27px&#8221; header_font_size_last_edited=&#8221;on|phone&#8221; border_color_all=&#8221;#FFFFFF&#8221; border_width_left=&#8221;10px&#8221; global_colors_info=&#8221;{}&#8221; theme_builder_area=&#8221;post_content&#8221; sticky_enabled=&#8221;0&#8243;]<\/p>\n<h1>HUSTILLVERKARE<\/h1>\n<p>[\/et_pb_text][\/et_pb_column][et_pb_column type=&#8221;1_3&#8243; _builder_version=&#8221;4.16&#8243; custom_padding=&#8221;|||&#8221; global_colors_info=&#8221;{}&#8221; custom_padding__hover=&#8221;|||&#8221; theme_builder_area=&#8221;post_content&#8221;][\/et_pb_column][\/et_pb_row][\/et_pb_section][et_pb_section fb_built=&#8221;1&#8243; _builder_version=&#8221;4.27.4&#8243; _module_preset=&#8221;default&#8221; custom_padding=&#8221;||0px|||&#8221; global_colors_info=&#8221;{}&#8221; theme_builder_area=&#8221;post_content&#8221;][et_pb_row _builder_version=&#8221;4.27.4&#8243; _module_preset=&#8221;default&#8221; custom_padding=&#8221;||1px|||&#8221; global_colors_info=&#8221;{}&#8221; theme_builder_area=&#8221;post_content&#8221;][et_pb_column type=&#8221;4_4&#8243; _builder_version=&#8221;4.27.4&#8243; _module_preset=&#8221;default&#8221; global_colors_info=&#8221;{}&#8221; theme_builder_area=&#8221;post_content&#8221;][et_pb_text _builder_version=&#8221;4.27.4&#8243; text_font=&#8221;||||||||&#8221; header_font=&#8221;||||||||&#8221; header_2_font=&#8221;Rubik|700|||||||&#8221; header_2_font_size=&#8221;42px&#8221; header_2_line_height=&#8221;1.2em&#8221; text_orientation=&#8221;center&#8221; module_alignment=&#8221;center&#8221; custom_margin=&#8221;|||&#8221; custom_padding=&#8221;|||&#8221; header_2_font_size_tablet=&#8221;&#8221; header_2_font_size_phone=&#8221;36px&#8221; header_2_font_size_last_edited=&#8221;on|phone&#8221; locked=&#8221;off&#8221; global_colors_info=&#8221;{}&#8221; theme_builder_area=&#8221;post_content&#8221;]<\/p>\n<h2>GALLERI<\/h2>\n<p>[\/et_pb_text][et_pb_divider color=&#8221;#2a2a2a&#8221; divider_position=&#8221;center&#8221; divider_weight=&#8221;5px&#8221; _builder_version=&#8221;4.27.4&#8243; max_width=&#8221;50px&#8221; module_alignment=&#8221;center&#8221; min_height=&#8221;100px&#8221; height=&#8221;100px&#8221; max_height=&#8221;100px&#8221; custom_margin=&#8221;-68px||||false|false&#8221; locked=&#8221;off&#8221; global_colors_info=&#8221;{}&#8221; theme_builder_area=&#8221;post_content&#8221;][\/et_pb_divider][\/et_pb_column][\/et_pb_row][\/et_pb_section][et_pb_section fb_built=&#8221;1&#8243; _builder_version=&#8221;4.27.4&#8243; _module_preset=&#8221;default&#8221; custom_padding=&#8221;3px||3px|||&#8221; global_colors_info=&#8221;{}&#8221; theme_builder_area=&#8221;post_content&#8221;][et_pb_row use_custom_gutter=&#8221;on&#8221; gutter_width=&#8221;1&#8243; _builder_version=&#8221;4.27.4&#8243; _module_preset=&#8221;default&#8221; global_colors_info=&#8221;{}&#8221; theme_builder_area=&#8221;post_content&#8221;][et_pb_column type=&#8221;4_4&#8243; _builder_version=&#8221;4.27.4&#8243; _module_preset=&#8221;default&#8221; global_colors_info=&#8221;{}&#8221; theme_builder_area=&#8221;post_content&#8221;][et_pb_gallery gallery_ids=&#8221;744,745,746,747,748,749,750,751,752,753,754&#8243; posts_number=&#8221;16&#8243; orientation=&#8221;portrait&#8221; show_title_and_caption=&#8221;off&#8221; show_pagination=&#8221;off&#8221; zoom_icon_color=&#8221;RGBA(255,255,255,0)&#8221; hover_overlay_color=&#8221;RGBA(255,255,255,0)&#8221; hover_icon=&#8221;&#x55;||divi||400&#8243; _builder_version=&#8221;4.27.4&#8243; _module_preset=&#8221;default&#8221; custom_margin=&#8221;||29px|||&#8221; hover_enabled=&#8221;0&#8243; border_width_all=&#8221;5px&#8221; border_color_all=&#8221;RGBA(255,255,255,0)&#8221; global_colors_info=&#8221;{}&#8221; theme_builder_area=&#8221;post_content&#8221; sticky_enabled=&#8221;0&#8243;][\/et_pb_gallery][et_pb_button button_text=&#8221;L\u00e4s mer&#8221; button_alignment=&#8221;center&#8221; button_alignment_tablet=&#8221;center&#8221; button_alignment_phone=&#8221;center&#8221; button_alignment_last_edited=&#8221;on|phone&#8221; _builder_version=&#8221;4.27.4&#8243; custom_button=&#8221;on&#8221; button_text_size=&#8221;14px&#8221; button_text_color=&#8221;#2a2a2a&#8221; button_border_width=&#8221;2px&#8221; button_border_color=&#8221;#2a2a2a&#8221; button_border_radius=&#8221;0px&#8221; button_letter_spacing=&#8221;4px&#8221; button_font=&#8221;Rubik|700||on|||||&#8221; button_icon=&#8221;&#x24;||divi||400&#8243; custom_padding=&#8221;12px|30px|12px|30px|true|true&#8221; button_text_color_hover=&#8221;#ffffff&#8221; button_border_color_hover=&#8221;#ffb400&#8243; button_bg_color_hover=&#8221;#ffb400&#8243; locked=&#8221;off&#8221; global_colors_info=&#8221;{}&#8221; button_text_size__hover_enabled=&#8221;off&#8221; button_one_text_size__hover_enabled=&#8221;off&#8221; button_two_text_size__hover_enabled=&#8221;off&#8221; button_text_color__hover_enabled=&#8221;on|hover&#8221; button_text_color__hover=&#8221;rgba(0,0,0,0.74)&#8221; button_one_text_color__hover_enabled=&#8221;off&#8221; button_two_text_color__hover_enabled=&#8221;off&#8221; button_border_width__hover_enabled=&#8221;off&#8221; button_one_border_width__hover_enabled=&#8221;off&#8221; button_two_border_width__hover_enabled=&#8221;off&#8221; button_border_color__hover_enabled=&#8221;on|hover&#8221; button_border_color__hover=&#8221;rgba(0,0,0,0.74)&#8221; button_one_border_color__hover_enabled=&#8221;off&#8221; button_two_border_color__hover_enabled=&#8221;off&#8221; button_border_radius__hover_enabled=&#8221;off&#8221; button_one_border_radius__hover_enabled=&#8221;off&#8221; button_two_border_radius__hover_enabled=&#8221;off&#8221; button_letter_spacing__hover_enabled=&#8221;off&#8221; button_one_letter_spacing__hover_enabled=&#8221;off&#8221; button_two_letter_spacing__hover_enabled=&#8221;off&#8221; button_bg_color__hover_enabled=&#8221;on|hover&#8221; button_bg_color__hover=&#8221;rgba(0,0,0,0.11)&#8221; button_one_bg_color__hover_enabled=&#8221;off&#8221; button_two_bg_color__hover_enabled=&#8221;off&#8221; button_bg_enable_color__hover=&#8221;on&#8221; theme_builder_area=&#8221;post_content&#8221;][\/et_pb_button][\/et_pb_column][\/et_pb_row][\/et_pb_section]<\/p>\n","protected":false},"excerpt":{"rendered":"<p>HUSTILLVERKAREGALLERI<\/p>\n","protected":false},"author":1,"featured_media":0,"parent":0,"menu_order":0,"comment_status":"closed","ping_status":"closed","template":"","meta":{"_et_pb_use_builder":"on","_et_pb_old_content":"","_et_gb_content_width":"","footnotes":""},"class_list":["post-293","page","type-page","status-publish","hentry"],"yoast_head":"<!-- This site is optimized with the Yoast SEO plugin v26.0 - https:\/\/yoast.com\/wordpress\/plugins\/seo\/ -->\n<title>Hustillverkare T\u00e4by - Bygg ditt dr\u00f6mhus med kvalitet och trygghet<\/title>\n<meta name=\"description\" content=\"Letar du efter en p\u00e5litlig hustillverkare? Vi hj\u00e4lper dig att bygga ditt dr\u00f6mhus - fr\u00e5n planering och design till f\u00e4rdigt hem.\" \/>\n<meta name=\"robots\" content=\"noindex, follow, max-snippet:-1, max-image-preview:large, max-video-preview:-1\" \/>\n<meta property=\"og:locale\" content=\"sv_SE\" \/>\n<meta property=\"og:type\" content=\"article\" \/>\n<meta property=\"og:title\" content=\"Hustillverkare T\u00e4by - Bygg ditt dr\u00f6mhus med kvalitet och trygghet\" \/>\n<meta property=\"og:description\" content=\"Letar du efter en p\u00e5litlig hustillverkare? Vi hj\u00e4lper dig att bygga ditt dr\u00f6mhus - fr\u00e5n planering och design till f\u00e4rdigt hem.\" \/>\n<meta property=\"og:url\" content=\"https:\/\/pinocchiorullgardiner.se\/handyman\/hustillverkare\/\" \/>\n<meta property=\"og:site_name\" content=\"Handyman PJ\" \/>\n<meta property=\"article:modified_time\" content=\"2025-10-07T05:39:11+00:00\" \/>\n<meta name=\"twitter:card\" content=\"summary_large_image\" \/>\n<meta name=\"twitter:label1\" content=\"Ber\u00e4knad l\u00e4stid\" \/>\n\t<meta name=\"twitter:data1\" content=\"3 minuter\" \/>\n<script type=\"application\/ld+json\" class=\"yoast-schema-graph\">{\"@context\":\"https:\/\/schema.org\",\"@graph\":[{\"@type\":\"WebPage\",\"@id\":\"https:\/\/pinocchiorullgardiner.se\/handyman\/hustillverkare\/\",\"url\":\"https:\/\/pinocchiorullgardiner.se\/handyman\/hustillverkare\/\",\"name\":\"Hustillverkare T\u00e4by - Bygg ditt dr\u00f6mhus med kvalitet och trygghet\",\"isPartOf\":{\"@id\":\"https:\/\/pinocchiorullgardiner.se\/handyman\/#website\"},\"datePublished\":\"2025-09-22T10:33:03+00:00\",\"dateModified\":\"2025-10-07T05:39:11+00:00\",\"description\":\"Letar du efter en p\u00e5litlig hustillverkare? Vi hj\u00e4lper dig att bygga ditt dr\u00f6mhus - fr\u00e5n planering och design till f\u00e4rdigt hem.\",\"breadcrumb\":{\"@id\":\"https:\/\/pinocchiorullgardiner.se\/handyman\/hustillverkare\/#breadcrumb\"},\"inLanguage\":\"sv-SE\",\"potentialAction\":[{\"@type\":\"ReadAction\",\"target\":[\"https:\/\/pinocchiorullgardiner.se\/handyman\/hustillverkare\/\"]}]},{\"@type\":\"BreadcrumbList\",\"@id\":\"https:\/\/pinocchiorullgardiner.se\/handyman\/hustillverkare\/#breadcrumb\",\"itemListElement\":[{\"@type\":\"ListItem\",\"position\":1,\"name\":\"Strona g\u0142\u00f3wna\",\"item\":\"https:\/\/pinocchiorullgardiner.se\/handyman\/\"},{\"@type\":\"ListItem\",\"position\":2,\"name\":\"HUSTILLVERKARE\"}]},{\"@type\":\"WebSite\",\"@id\":\"https:\/\/pinocchiorullgardiner.se\/handyman\/#website\",\"url\":\"https:\/\/pinocchiorullgardiner.se\/handyman\/\",\"name\":\"Handyman PJ\",\"description\":\"\",\"potentialAction\":[{\"@type\":\"SearchAction\",\"target\":{\"@type\":\"EntryPoint\",\"urlTemplate\":\"https:\/\/pinocchiorullgardiner.se\/handyman\/?s={search_term_string}\"},\"query-input\":{\"@type\":\"PropertyValueSpecification\",\"valueRequired\":true,\"valueName\":\"search_term_string\"}}],\"inLanguage\":\"sv-SE\"}]}<\/script>\n<!-- \/ Yoast SEO plugin. -->","yoast_head_json":{"title":"Hustillverkare T\u00e4by - Bygg ditt dr\u00f6mhus med kvalitet och trygghet","description":"Letar du efter en p\u00e5litlig hustillverkare? Vi hj\u00e4lper dig att bygga ditt dr\u00f6mhus - fr\u00e5n planering och design till f\u00e4rdigt hem.","robots":{"index":"noindex","follow":"follow","max-snippet":"max-snippet:-1","max-image-preview":"max-image-preview:large","max-video-preview":"max-video-preview:-1"},"og_locale":"sv_SE","og_type":"article","og_title":"Hustillverkare T\u00e4by - Bygg ditt dr\u00f6mhus med kvalitet och trygghet","og_description":"Letar du efter en p\u00e5litlig hustillverkare? Vi hj\u00e4lper dig att bygga ditt dr\u00f6mhus - fr\u00e5n planering och design till f\u00e4rdigt hem.","og_url":"https:\/\/pinocchiorullgardiner.se\/handyman\/hustillverkare\/","og_site_name":"Handyman PJ","article_modified_time":"2025-10-07T05:39:11+00:00","twitter_card":"summary_large_image","twitter_misc":{"Ber\u00e4knad l\u00e4stid":"3 minuter"},"schema":{"@context":"https:\/\/schema.org","@graph":[{"@type":"WebPage","@id":"https:\/\/pinocchiorullgardiner.se\/handyman\/hustillverkare\/","url":"https:\/\/pinocchiorullgardiner.se\/handyman\/hustillverkare\/","name":"Hustillverkare T\u00e4by - Bygg ditt dr\u00f6mhus med kvalitet och trygghet","isPartOf":{"@id":"https:\/\/pinocchiorullgardiner.se\/handyman\/#website"},"datePublished":"2025-09-22T10:33:03+00:00","dateModified":"2025-10-07T05:39:11+00:00","description":"Letar du efter en p\u00e5litlig hustillverkare? Vi hj\u00e4lper dig att bygga ditt dr\u00f6mhus - fr\u00e5n planering och design till f\u00e4rdigt hem.","breadcrumb":{"@id":"https:\/\/pinocchiorullgardiner.se\/handyman\/hustillverkare\/#breadcrumb"},"inLanguage":"sv-SE","potentialAction":[{"@type":"ReadAction","target":["https:\/\/pinocchiorullgardiner.se\/handyman\/hustillverkare\/"]}]},{"@type":"BreadcrumbList","@id":"https:\/\/pinocchiorullgardiner.se\/handyman\/hustillverkare\/#breadcrumb","itemListElement":[{"@type":"ListItem","position":1,"name":"Strona g\u0142\u00f3wna","item":"https:\/\/pinocchiorullgardiner.se\/handyman\/"},{"@type":"ListItem","position":2,"name":"HUSTILLVERKARE"}]},{"@type":"WebSite","@id":"https:\/\/pinocchiorullgardiner.se\/handyman\/#website","url":"https:\/\/pinocchiorullgardiner.se\/handyman\/","name":"Handyman PJ","description":"","potentialAction":[{"@type":"SearchAction","target":{"@type":"EntryPoint","urlTemplate":"https:\/\/pinocchiorullgardiner.se\/handyman\/?s={search_term_string}"},"query-input":{"@type":"PropertyValueSpecification","valueRequired":true,"valueName":"search_term_string"}}],"inLanguage":"sv-SE"}]}},"_links":{"self":[{"href":"https:\/\/pinocchiorullgardiner.se\/handyman\/wp-json\/wp\/v2\/pages\/293","targetHints":{"allow":["GET"]}}],"collection":[{"href":"https:\/\/pinocchiorullgardiner.se\/handyman\/wp-json\/wp\/v2\/pages"}],"about":[{"href":"https:\/\/pinocchiorullgardiner.se\/handyman\/wp-json\/wp\/v2\/types\/page"}],"author":[{"embeddable":true,"href":"https:\/\/pinocchiorullgardiner.se\/handyman\/wp-json\/wp\/v2\/users\/1"}],"replies":[{"embeddable":true,"href":"https:\/\/pinocchiorullgardiner.se\/handyman\/wp-json\/wp\/v2\/comments?post=293"}],"version-history":[{"count":4,"href":"https:\/\/pinocchiorullgardiner.se\/handyman\/wp-json\/wp\/v2\/pages\/293\/revisions"}],"predecessor-version":[{"id":756,"href":"https:\/\/pinocchiorullgardiner.se\/handyman\/wp-json\/wp\/v2\/pages\/293\/revisions\/756"}],"wp:attachment":[{"href":"https:\/\/pinocchiorullgardiner.se\/handyman\/wp-json\/wp\/v2\/media?parent=293"}],"curies":[{"name":"wp","href":"https:\/\/api.w.org\/{rel}","templated":true}]}}